{"id":138,"date":"2013-01-13T17:58:09","date_gmt":"2013-01-13T16:58:09","guid":{"rendered":"http:\/\/rootslabs.net\/blog\/?page_id=138"},"modified":"2018-06-06T13:59:41","modified_gmt":"2018-06-06T11:59:41","slug":"history","status":"publish","type":"page","link":"https:\/\/rootslabs.net\/blog\/history","title":{"rendered":"Historique"},"content":{"rendered":"<p>RootsLabs, c&rsquo;est un site qui va vers ces 10 ans, avec de nombreuses \u00e9volutions entre temps.<\/p>\n<h3>RootsLabs v1.0 : Novembre 2003<\/h3>\n<p><a href=\"https:\/\/rootslabs.net\/blog\/wp-content\/uploads\/2013\/01\/img_sitev10.png\"><img loading=\"lazy\" decoding=\"async\" src=\"https:\/\/rootslabs.net\/blog\/wp-content\/uploads\/2013\/01\/img_sitev10-300x209.png\" alt=\"Site v1.0\" width=\"300\" height=\"209\" class=\"aligncenter size-medium wp-image-139\" srcset=\"https:\/\/rootslabs.net\/blog\/wp-content\/uploads\/2013\/01\/img_sitev10-300x209.png 300w, https:\/\/rootslabs.net\/blog\/wp-content\/uploads\/2013\/01\/img_sitev10.png 922w\" sizes=\"auto, (max-width: 300px) 100vw, 300px\" \/><\/a><br \/>\nDatant de mes d\u00e9buts d&rsquo;Internet, ce site montre mes d\u00e9buts avec le HTML. Il est encore en ligne :<\/p>\n<p>Mais attention Firefox le d\u00e9clare comme un site malveillant : <a href=\"http:\/\/membres.multimania.fr\/diabolik1984\/\" rel=\"nofollow\">http:\/\/membres.multimania.fr\/diabolik1984\/<\/a><\/p>\n<h3>RootsLabs v2.0<\/h3>\n<p>Mise en place du site chez Free.<\/p>\n<p>Utilisation d&rsquo; un kit graphique trouv\u00e9 sur le web.<\/p>\n<h3>RootsLabs v2.5 : Juillet 2005<\/h3>\n<p><a href=\"https:\/\/rootslabs.net\/blog\/wp-content\/uploads\/2013\/01\/img_sitev25.png\"><img loading=\"lazy\" decoding=\"async\" src=\"https:\/\/rootslabs.net\/blog\/wp-content\/uploads\/2013\/01\/img_sitev25-300x217.png\" alt=\"Site v2.5\" width=\"300\" height=\"217\" class=\"aligncenter size-medium wp-image-140\" srcset=\"https:\/\/rootslabs.net\/blog\/wp-content\/uploads\/2013\/01\/img_sitev25-300x217.png 300w, https:\/\/rootslabs.net\/blog\/wp-content\/uploads\/2013\/01\/img_sitev25.png 922w\" sizes=\"auto, (max-width: 300px) 100vw, 300px\" \/><\/a><br \/>\nUtilisation d&rsquo;un kit graphique r\u00e9alis\u00e9 par <a href=\"http:\/\/jenova.3.free.fr\/\" rel=\"nofollow\">Jenova3<\/a><\/p>\n<h3>RootsLabs v3.0 : Avril 2006<\/h3>\n<p><a href=\"https:\/\/rootslabs.net\/blog\/wp-content\/uploads\/2013\/01\/img_sitev30.png\"><img loading=\"lazy\" decoding=\"async\" src=\"https:\/\/rootslabs.net\/blog\/wp-content\/uploads\/2013\/01\/img_sitev30-300x217.png\" alt=\"Site v3.0\" width=\"300\" height=\"217\" class=\"aligncenter size-medium wp-image-141\" srcset=\"https:\/\/rootslabs.net\/blog\/wp-content\/uploads\/2013\/01\/img_sitev30-300x217.png 300w, https:\/\/rootslabs.net\/blog\/wp-content\/uploads\/2013\/01\/img_sitev30.png 922w\" sizes=\"auto, (max-width: 300px) 100vw, 300px\" \/><\/a><br \/>\nRenouveau avec enfin une organisation du site.<\/p>\n<p>Mise en place d&rsquo;un forum de support, d&rsquo;un livre d&rsquo;or, d&rsquo;une rubrique de contact. <\/p>\n<h3>RootsLabs v4.0 : Juillet 2010<\/h3>\n<p><a href=\"https:\/\/rootslabs.net\/blog\/wp-content\/uploads\/2013\/01\/img_sitev40.png\"><img loading=\"lazy\" decoding=\"async\" src=\"https:\/\/rootslabs.net\/blog\/wp-content\/uploads\/2013\/01\/img_sitev40-300x218.png\" alt=\"Site v4.0\" width=\"300\" height=\"218\" class=\"aligncenter size-medium wp-image-142\" srcset=\"https:\/\/rootslabs.net\/blog\/wp-content\/uploads\/2013\/01\/img_sitev40-300x218.png 300w, https:\/\/rootslabs.net\/blog\/wp-content\/uploads\/2013\/01\/img_sitev40.png 958w\" sizes=\"auto, (max-width: 300px) 100vw, 300px\" \/><\/a><br \/>\nMise en place d&rsquo;un th\u00e8me pour le site bas\u00e9 sur un th\u00e8me WordPress.<\/p>\n<p>Suppression du forum et du livre d&rsquo;or.<\/p>\n<h3>RootsLabs v5.0 : Janvier 2013<\/h3>\n<p><a href=\"https:\/\/rootslabs.net\/blog\/wp-content\/uploads\/2013\/01\/ScreenShot_008.png\"><img loading=\"lazy\" decoding=\"async\" src=\"https:\/\/rootslabs.net\/blog\/wp-content\/uploads\/2013\/01\/ScreenShot_008-1024x399.png\" alt=\"Site V5.0\" width=\"1024\" height=\"399\" class=\"aligncenter size-large wp-image-143\" srcset=\"https:\/\/rootslabs.net\/blog\/wp-content\/uploads\/2013\/01\/ScreenShot_008-1024x399.png 1024w, https:\/\/rootslabs.net\/blog\/wp-content\/uploads\/2013\/01\/ScreenShot_008-300x117.png 300w, https:\/\/rootslabs.net\/blog\/wp-content\/uploads\/2013\/01\/ScreenShot_008.png 1903w\" sizes=\"auto, (max-width: 1024px) 100vw, 1024px\" \/><\/a><br \/>\nMise en place d&rsquo;un th\u00e8me personnalis\u00e9 en responsive design.<\/p>\n<p>Mise en place d&rsquo;un wiki et d&rsquo;un gestionnaire de fichier.<\/p>\n<p>Int\u00e9gration d&rsquo;un th\u00e8me commun aux diff\u00e9rentes parties du site.<\/p>\n","protected":false},"excerpt":{"rendered":"<p>RootsLabs, c&rsquo;est un site qui va vers ces 10 ans, avec de nombreuses \u00e9volutions entre temps. RootsLabs v1.0 : Novembre 2003 Datant de mes d\u00e9buts d&rsquo;Internet, ce site montre mes d\u00e9buts avec le HTML. Il est encore en ligne : Mais attention Firefox le d\u00e9clare comme un site malveillant : http:\/\/membres.multimania.fr\/diabolik1984\/ RootsLabs v2.0 Mise en [&hellip;]<\/p>\n","protected":false},"author":1,"featured_media":0,"parent":0,"menu_order":0,"comment_status":"open","ping_status":"open","template":"","meta":{"footnotes":""},"class_list":["post-138","page","type-page","status-publish","hentry"],"yoast_head":"<!-- This site is optimized with the Yoast SEO plugin v27.0 - https:\/\/yoast.com\/product\/yoast-seo-wordpress\/ -->\n<title>Historique<\/title>\n<meta name=\"robots\" content=\"index, follow, max-snippet:-1, max-image-preview:large, max-video-preview:-1\" \/>\n<link rel=\"canonical\" href=\"https:\/\/rootslabs.net\/blog\/history\" \/>\n<meta property=\"og:locale\" content=\"fr_FR\" \/>\n<meta property=\"og:type\" content=\"article\" \/>\n<meta property=\"og:title\" content=\"Historique\" \/>\n<meta property=\"og:description\" content=\"RootsLabs, c&rsquo;est un site qui va vers ces 10 ans, avec de nombreuses \u00e9volutions entre temps. RootsLabs v1.0 : Novembre 2003 Datant de mes d\u00e9buts d&rsquo;Internet, ce site montre mes d\u00e9buts avec le HTML. Il est encore en ligne : Mais attention Firefox le d\u00e9clare comme un site malveillant : http:\/\/membres.multimania.fr\/diabolik1984\/ RootsLabs v2.0 Mise en [&hellip;]\" \/>\n<meta property=\"og:url\" content=\"https:\/\/rootslabs.net\/blog\/history\" \/>\n<meta property=\"og:site_name\" content=\"RootsLabs\" \/>\n<meta property=\"article:modified_time\" content=\"2018-06-06T11:59:41+00:00\" \/>\n<meta property=\"og:image\" content=\"https:\/\/rootslabs.net\/blog\/wp-content\/uploads\/2013\/01\/img_sitev10-300x209.png\" \/>\n<meta name=\"twitter:card\" content=\"summary_large_image\" \/>\n<meta name=\"twitter:site\" content=\"@progi1984\" \/>\n<meta name=\"twitter:label1\" content=\"Dur\u00e9e de lecture estim\u00e9e\" \/>\n\t<meta name=\"twitter:data1\" content=\"1 minute\" \/>\n<script type=\"application\/ld+json\" class=\"yoast-schema-graph\">{\"@context\":\"https:\/\/schema.org\",\"@graph\":[{\"@type\":\"WebPage\",\"@id\":\"https:\/\/rootslabs.net\/blog\/history\",\"url\":\"https:\/\/rootslabs.net\/blog\/history\",\"name\":\"Historique\",\"isPartOf\":{\"@id\":\"https:\/\/rootslabs.net\/blog\/#website\"},\"primaryImageOfPage\":{\"@id\":\"https:\/\/rootslabs.net\/blog\/history#primaryimage\"},\"image\":{\"@id\":\"https:\/\/rootslabs.net\/blog\/history#primaryimage\"},\"thumbnailUrl\":\"https:\/\/rootslabs.net\/blog\/wp-content\/uploads\/2013\/01\/img_sitev10-300x209.png\",\"datePublished\":\"2013-01-13T16:58:09+00:00\",\"dateModified\":\"2018-06-06T11:59:41+00:00\",\"breadcrumb\":{\"@id\":\"https:\/\/rootslabs.net\/blog\/history#breadcrumb\"},\"inLanguage\":\"fr-FR\",\"potentialAction\":[{\"@type\":\"ReadAction\",\"target\":[\"https:\/\/rootslabs.net\/blog\/history\"]}]},{\"@type\":\"ImageObject\",\"inLanguage\":\"fr-FR\",\"@id\":\"https:\/\/rootslabs.net\/blog\/history#primaryimage\",\"url\":\"https:\/\/rootslabs.net\/blog\/wp-content\/uploads\/2013\/01\/img_sitev10.png\",\"contentUrl\":\"https:\/\/rootslabs.net\/blog\/wp-content\/uploads\/2013\/01\/img_sitev10.png\",\"width\":922,\"height\":644},{\"@type\":\"BreadcrumbList\",\"@id\":\"https:\/\/rootslabs.net\/blog\/history#breadcrumb\",\"itemListElement\":[{\"@type\":\"ListItem\",\"position\":1,\"name\":\"Accueil\",\"item\":\"https:\/\/rootslabs.net\/blog\"},{\"@type\":\"ListItem\",\"position\":2,\"name\":\"Historique\"}]},{\"@type\":\"WebSite\",\"@id\":\"https:\/\/rootslabs.net\/blog\/#website\",\"url\":\"https:\/\/rootslabs.net\/blog\/\",\"name\":\"RootsLabs\",\"description\":\"More than a tool !\",\"potentialAction\":[{\"@type\":\"SearchAction\",\"target\":{\"@type\":\"EntryPoint\",\"urlTemplate\":\"https:\/\/rootslabs.net\/blog\/?s={search_term_string}\"},\"query-input\":{\"@type\":\"PropertyValueSpecification\",\"valueRequired\":true,\"valueName\":\"search_term_string\"}}],\"inLanguage\":\"fr-FR\"}]}<\/script>\n<!-- \/ Yoast SEO plugin. -->","yoast_head_json":{"title":"Historique","robots":{"index":"index","follow":"follow","max-snippet":"max-snippet:-1","max-image-preview":"max-image-preview:large","max-video-preview":"max-video-preview:-1"},"canonical":"https:\/\/rootslabs.net\/blog\/history","og_locale":"fr_FR","og_type":"article","og_title":"Historique","og_description":"RootsLabs, c&rsquo;est un site qui va vers ces 10 ans, avec de nombreuses \u00e9volutions entre temps. RootsLabs v1.0 : Novembre 2003 Datant de mes d\u00e9buts d&rsquo;Internet, ce site montre mes d\u00e9buts avec le HTML. Il est encore en ligne : Mais attention Firefox le d\u00e9clare comme un site malveillant : http:\/\/membres.multimania.fr\/diabolik1984\/ RootsLabs v2.0 Mise en [&hellip;]","og_url":"https:\/\/rootslabs.net\/blog\/history","og_site_name":"RootsLabs","article_modified_time":"2018-06-06T11:59:41+00:00","og_image":[{"url":"https:\/\/rootslabs.net\/blog\/wp-content\/uploads\/2013\/01\/img_sitev10-300x209.png","type":"","width":"","height":""}],"twitter_card":"summary_large_image","twitter_site":"@progi1984","twitter_misc":{"Dur\u00e9e de lecture estim\u00e9e":"1 minute"},"schema":{"@context":"https:\/\/schema.org","@graph":[{"@type":"WebPage","@id":"https:\/\/rootslabs.net\/blog\/history","url":"https:\/\/rootslabs.net\/blog\/history","name":"Historique","isPartOf":{"@id":"https:\/\/rootslabs.net\/blog\/#website"},"primaryImageOfPage":{"@id":"https:\/\/rootslabs.net\/blog\/history#primaryimage"},"image":{"@id":"https:\/\/rootslabs.net\/blog\/history#primaryimage"},"thumbnailUrl":"https:\/\/rootslabs.net\/blog\/wp-content\/uploads\/2013\/01\/img_sitev10-300x209.png","datePublished":"2013-01-13T16:58:09+00:00","dateModified":"2018-06-06T11:59:41+00:00","breadcrumb":{"@id":"https:\/\/rootslabs.net\/blog\/history#breadcrumb"},"inLanguage":"fr-FR","potentialAction":[{"@type":"ReadAction","target":["https:\/\/rootslabs.net\/blog\/history"]}]},{"@type":"ImageObject","inLanguage":"fr-FR","@id":"https:\/\/rootslabs.net\/blog\/history#primaryimage","url":"https:\/\/rootslabs.net\/blog\/wp-content\/uploads\/2013\/01\/img_sitev10.png","contentUrl":"https:\/\/rootslabs.net\/blog\/wp-content\/uploads\/2013\/01\/img_sitev10.png","width":922,"height":644},{"@type":"BreadcrumbList","@id":"https:\/\/rootslabs.net\/blog\/history#breadcrumb","itemListElement":[{"@type":"ListItem","position":1,"name":"Accueil","item":"https:\/\/rootslabs.net\/blog"},{"@type":"ListItem","position":2,"name":"Historique"}]},{"@type":"WebSite","@id":"https:\/\/rootslabs.net\/blog\/#website","url":"https:\/\/rootslabs.net\/blog\/","name":"RootsLabs","description":"More than a tool !","potentialAction":[{"@type":"SearchAction","target":{"@type":"EntryPoint","urlTemplate":"https:\/\/rootslabs.net\/blog\/?s={search_term_string}"},"query-input":{"@type":"PropertyValueSpecification","valueRequired":true,"valueName":"search_term_string"}}],"inLanguage":"fr-FR"}]}},"_links":{"self":[{"href":"https:\/\/rootslabs.net\/blog\/wp-json\/wp\/v2\/pages\/138","targetHints":{"allow":["GET"]}}],"collection":[{"href":"https:\/\/rootslabs.net\/blog\/wp-json\/wp\/v2\/pages"}],"about":[{"href":"https:\/\/rootslabs.net\/blog\/wp-json\/wp\/v2\/types\/page"}],"author":[{"embeddable":true,"href":"https:\/\/rootslabs.net\/blog\/wp-json\/wp\/v2\/users\/1"}],"replies":[{"embeddable":true,"href":"https:\/\/rootslabs.net\/blog\/wp-json\/wp\/v2\/comments?post=138"}],"version-history":[{"count":0,"href":"https:\/\/rootslabs.net\/blog\/wp-json\/wp\/v2\/pages\/138\/revisions"}],"wp:attachment":[{"href":"https:\/\/rootslabs.net\/blog\/wp-json\/wp\/v2\/media?parent=138"}],"curies":[{"name":"wp","href":"https:\/\/api.w.org\/{rel}","templated":true}]}}