{"id":136,"date":"2013-01-12T18:16:32","date_gmt":"2013-01-12T17:16:32","guid":{"rendered":"http:\/\/rootslabs.net\/blog\/?page_id=136"},"modified":"2018-06-06T14:02:12","modified_gmt":"2018-06-06T12:02:12","slug":"a-propos","status":"publish","type":"page","link":"https:\/\/rootslabs.net\/blog\/a-propos","title":{"rendered":"A propos"},"content":{"rendered":"<h3>Qui ? <\/h3>\n<p>RootsLabs a \u00e9t\u00e9 cr\u00e9\u00e9 par Franck LEFEVRE aka Progi1984.<\/p>\n<p><a class=\"zocial icon dropbox\" target=\"_blank\" href=\"https:\/\/www.dropbox.com\/referrals\/NTQwNjE1MTUwOQ?src=global9\">Dropbox<\/a> <a class=\"zocial icon email\" href=\"https:\/\/rootslabs.net\/blog\/contact\">Mail<\/a> <a class=\"zocial icon facebook\" target=\"_blank\" href=\"https:\/\/www.facebook.com\/franck.lefevre.315\">Facebook<\/a> <a class=\"zocial icon github\" target=\"_blank\" href=\"https:\/\/github.com\/Progi1984\">GitHub<\/a> <a class=\"zocial icon googleplus\" target=\"_blank\" href=\"https:\/\/plus.google.com\/browser-not-supported\/?ref=\/108618306257475582348\">Google+<\/a> <a class=\"zocial icon linkedin\" target=\"_blank\" href=\"https:\/\/www.linkedin.com\/in\/franck-lefevre-36a52444\/\">LinkedIn<\/a> <a class=\"zocial icon rss\" href=\"https:\/\/rootslabs.net\/blog\/feed\">RSS<\/a> <a class=\"zocial icon steam\" target=\"_blank\" href=\"https:\/\/steamcommunity.com\/profiles\/76561198067374162\">Steam<\/a> <a class=\"zocial icon twitter\" target=\"_blank\" href=\"https:\/\/mobile.twitter.com\/Progi1984\">Twitter<\/a> <a class=\"zocial icon wikipedia\" target=\"_blank\" href=\"https:\/\/fr.wikipedia.org\/wiki\/Utilisateur:Progi1984\">WikiPedia<\/a><\/p>\n<h3>Pourquoi ? Comment ?<\/h3>\n<p>RootsLabs a \u00e9t\u00e9 cr\u00e9\u00e9 en 2007 dans le but de partager mes id\u00e9es, mes projets et mes informations avec la communaut\u00e9 :<\/p>\n<ul>\n<li>Blog, bas\u00e9 sur <a href=\"https:\/\/wordpress.org\/\" title=\"WordPress\">WordPress<\/a><\/li>\n<li>Wiki, bas\u00e9 sur <a href=\"https:\/\/www.dokuwiki.org\/dokuwiki\" title=\"DokuWiki\">Dokuwiki<\/a><\/li>\n<li>Fichiers, bas\u00e9 sur <a href=\"http:\/\/www.hyla-project.org\/\" title=\"Hyla\">Hyla<\/a><\/li>\n<\/ul>\n<p>L&rsquo;<a href=\"https:\/\/rootslabs.net\/blog\/history\">historique du site<\/a> montre que le site a \u00e9volu\u00e9 d&rsquo;ann\u00e9es en ann\u00e9es.<\/p>\n<h3>Contact <\/h3>\n<p>Pour me contacter par mail, suivez le lien ci dessous :<\/p>\n<p><a class=\"zocial icon email\" href=\"https:\/\/rootslabs.net\/blog\/contact\">Mail<\/a><\/p>\n<h3>Soutenir<\/h3>\n<p>Pour soutenir mes projets, h\u00e9sitez pas soit \u00e0 me contacter, soit \u00e0 penser \u00e0 ma wishlist Amazon :<\/p>\n<p><a class=\"zocial icon amazon\" href=\"https:\/\/www.amazon.fr\/registry\/wishlist\/1IP1Y4MZ0ITMT?reveal=unpurchased&amp;filter=all&amp;sort=universal-price-desc&amp;layout=standard&amp;x=-5&amp;y=4\">Amazon<\/a><\/p>\n<h3>Propri\u00e9t\u00e9 \/ R\u00e9utilisation<\/h3>\n<p>Afin d&rsquo;\u00e9viter les abus provenant de personnes s&rsquo;appropriant le travail d&rsquo;autrui sans aucun scrupule, l&rsquo;int\u00e9gralit\u00e9 des publications disponibles sur ce site (notamment le blog et le wiki) sont soumises, sauf mention contraire explicite, \u00e0 la licence <a href=\"https:\/\/creativecommons.org\/licenses\/by-nc-sa\/3.0\/fr\/\" title=\"Creative Commons\">Creative Commons BY-NC-SA<\/a>.<\/p>\n<p>Si vous souhaitez reproduire une partie ou toute une publication issue de ce site, soumise \u00e0 ladite licence, vous devez faire un lien visible vers l&rsquo;article en question de la mani\u00e8re suivante :<\/p>\n<blockquote><p>Cette publication de Franck LEFEVRE est soumise \u00e0 la licence Creative Commons BY-NC-SA.<\/p><\/blockquote>\n","protected":false},"excerpt":{"rendered":"<p>Qui ? RootsLabs a \u00e9t\u00e9 cr\u00e9\u00e9 par Franck LEFEVRE aka Progi1984. Dropbox Mail Facebook GitHub Google+ LinkedIn RSS Steam Twitter WikiPedia Pourquoi ? Comment ? RootsLabs a \u00e9t\u00e9 cr\u00e9\u00e9 en 2007 dans le but de partager mes id\u00e9es, mes projets et mes informations avec la communaut\u00e9 : Blog, bas\u00e9 sur WordPress Wiki, bas\u00e9 sur Dokuwiki [&hellip;]<\/p>\n","protected":false},"author":1,"featured_media":0,"parent":0,"menu_order":0,"comment_status":"open","ping_status":"open","template":"","meta":{"footnotes":""},"class_list":["post-136","page","type-page","status-publish","hentry"],"yoast_head":"<!-- This site is optimized with the Yoast SEO plugin v27.0 - https:\/\/yoast.com\/product\/yoast-seo-wordpress\/ -->\n<title>A propos<\/title>\n<meta name=\"robots\" content=\"index, follow, max-snippet:-1, max-image-preview:large, max-video-preview:-1\" \/>\n<link rel=\"canonical\" href=\"https:\/\/rootslabs.net\/blog\/a-propos\" \/>\n<meta property=\"og:locale\" content=\"fr_FR\" \/>\n<meta property=\"og:type\" content=\"article\" \/>\n<meta property=\"og:title\" content=\"A propos\" \/>\n<meta property=\"og:description\" content=\"Qui ? RootsLabs a \u00e9t\u00e9 cr\u00e9\u00e9 par Franck LEFEVRE aka Progi1984. Dropbox Mail Facebook GitHub Google+ LinkedIn RSS Steam Twitter WikiPedia Pourquoi ? Comment ? RootsLabs a \u00e9t\u00e9 cr\u00e9\u00e9 en 2007 dans le but de partager mes id\u00e9es, mes projets et mes informations avec la communaut\u00e9 : Blog, bas\u00e9 sur WordPress Wiki, bas\u00e9 sur Dokuwiki [&hellip;]\" \/>\n<meta property=\"og:url\" content=\"https:\/\/rootslabs.net\/blog\/a-propos\" \/>\n<meta property=\"og:site_name\" content=\"RootsLabs\" \/>\n<meta property=\"article:modified_time\" content=\"2018-06-06T12:02:12+00:00\" \/>\n<meta name=\"twitter:card\" content=\"summary_large_image\" \/>\n<meta name=\"twitter:site\" content=\"@progi1984\" \/>\n<meta name=\"twitter:label1\" content=\"Dur\u00e9e de lecture estim\u00e9e\" \/>\n\t<meta name=\"twitter:data1\" content=\"1 minute\" \/>\n<script type=\"application\/ld+json\" class=\"yoast-schema-graph\">{\"@context\":\"https:\/\/schema.org\",\"@graph\":[{\"@type\":\"WebPage\",\"@id\":\"https:\/\/rootslabs.net\/blog\/a-propos\",\"url\":\"https:\/\/rootslabs.net\/blog\/a-propos\",\"name\":\"A propos\",\"isPartOf\":{\"@id\":\"https:\/\/rootslabs.net\/blog\/#website\"},\"datePublished\":\"2013-01-12T17:16:32+00:00\",\"dateModified\":\"2018-06-06T12:02:12+00:00\",\"breadcrumb\":{\"@id\":\"https:\/\/rootslabs.net\/blog\/a-propos#breadcrumb\"},\"inLanguage\":\"fr-FR\",\"potentialAction\":[{\"@type\":\"ReadAction\",\"target\":[\"https:\/\/rootslabs.net\/blog\/a-propos\"]}]},{\"@type\":\"BreadcrumbList\",\"@id\":\"https:\/\/rootslabs.net\/blog\/a-propos#breadcrumb\",\"itemListElement\":[{\"@type\":\"ListItem\",\"position\":1,\"name\":\"Accueil\",\"item\":\"https:\/\/rootslabs.net\/blog\"},{\"@type\":\"ListItem\",\"position\":2,\"name\":\"A propos\"}]},{\"@type\":\"WebSite\",\"@id\":\"https:\/\/rootslabs.net\/blog\/#website\",\"url\":\"https:\/\/rootslabs.net\/blog\/\",\"name\":\"RootsLabs\",\"description\":\"More than a tool !\",\"potentialAction\":[{\"@type\":\"SearchAction\",\"target\":{\"@type\":\"EntryPoint\",\"urlTemplate\":\"https:\/\/rootslabs.net\/blog\/?s={search_term_string}\"},\"query-input\":{\"@type\":\"PropertyValueSpecification\",\"valueRequired\":true,\"valueName\":\"search_term_string\"}}],\"inLanguage\":\"fr-FR\"}]}<\/script>\n<!-- \/ Yoast SEO plugin. -->","yoast_head_json":{"title":"A propos","robots":{"index":"index","follow":"follow","max-snippet":"max-snippet:-1","max-image-preview":"max-image-preview:large","max-video-preview":"max-video-preview:-1"},"canonical":"https:\/\/rootslabs.net\/blog\/a-propos","og_locale":"fr_FR","og_type":"article","og_title":"A propos","og_description":"Qui ? RootsLabs a \u00e9t\u00e9 cr\u00e9\u00e9 par Franck LEFEVRE aka Progi1984. Dropbox Mail Facebook GitHub Google+ LinkedIn RSS Steam Twitter WikiPedia Pourquoi ? Comment ? RootsLabs a \u00e9t\u00e9 cr\u00e9\u00e9 en 2007 dans le but de partager mes id\u00e9es, mes projets et mes informations avec la communaut\u00e9 : Blog, bas\u00e9 sur WordPress Wiki, bas\u00e9 sur Dokuwiki [&hellip;]","og_url":"https:\/\/rootslabs.net\/blog\/a-propos","og_site_name":"RootsLabs","article_modified_time":"2018-06-06T12:02:12+00:00","twitter_card":"summary_large_image","twitter_site":"@progi1984","twitter_misc":{"Dur\u00e9e de lecture estim\u00e9e":"1 minute"},"schema":{"@context":"https:\/\/schema.org","@graph":[{"@type":"WebPage","@id":"https:\/\/rootslabs.net\/blog\/a-propos","url":"https:\/\/rootslabs.net\/blog\/a-propos","name":"A propos","isPartOf":{"@id":"https:\/\/rootslabs.net\/blog\/#website"},"datePublished":"2013-01-12T17:16:32+00:00","dateModified":"2018-06-06T12:02:12+00:00","breadcrumb":{"@id":"https:\/\/rootslabs.net\/blog\/a-propos#breadcrumb"},"inLanguage":"fr-FR","potentialAction":[{"@type":"ReadAction","target":["https:\/\/rootslabs.net\/blog\/a-propos"]}]},{"@type":"BreadcrumbList","@id":"https:\/\/rootslabs.net\/blog\/a-propos#breadcrumb","itemListElement":[{"@type":"ListItem","position":1,"name":"Accueil","item":"https:\/\/rootslabs.net\/blog"},{"@type":"ListItem","position":2,"name":"A propos"}]},{"@type":"WebSite","@id":"https:\/\/rootslabs.net\/blog\/#website","url":"https:\/\/rootslabs.net\/blog\/","name":"RootsLabs","description":"More than a tool !","potentialAction":[{"@type":"SearchAction","target":{"@type":"EntryPoint","urlTemplate":"https:\/\/rootslabs.net\/blog\/?s={search_term_string}"},"query-input":{"@type":"PropertyValueSpecification","valueRequired":true,"valueName":"search_term_string"}}],"inLanguage":"fr-FR"}]}},"_links":{"self":[{"href":"https:\/\/rootslabs.net\/blog\/wp-json\/wp\/v2\/pages\/136","targetHints":{"allow":["GET"]}}],"collection":[{"href":"https:\/\/rootslabs.net\/blog\/wp-json\/wp\/v2\/pages"}],"about":[{"href":"https:\/\/rootslabs.net\/blog\/wp-json\/wp\/v2\/types\/page"}],"author":[{"embeddable":true,"href":"https:\/\/rootslabs.net\/blog\/wp-json\/wp\/v2\/users\/1"}],"replies":[{"embeddable":true,"href":"https:\/\/rootslabs.net\/blog\/wp-json\/wp\/v2\/comments?post=136"}],"version-history":[{"count":0,"href":"https:\/\/rootslabs.net\/blog\/wp-json\/wp\/v2\/pages\/136\/revisions"}],"wp:attachment":[{"href":"https:\/\/rootslabs.net\/blog\/wp-json\/wp\/v2\/media?parent=136"}],"curies":[{"name":"wp","href":"https:\/\/api.w.org\/{rel}","templated":true}]}}